{"id":427,"date":"2018-08-22T11:32:43","date_gmt":"2018-08-22T11:32:43","guid":{"rendered":"https:\/\/backpacktraveler.qodeinteractive.com\/elementor\/?page_id=427"},"modified":"2021-10-29T13:35:32","modified_gmt":"2021-10-29T11:35:32","slug":"faq-page","status":"publish","type":"page","link":"https:\/\/listyzpodrozy.pl\/?page_id=427","title":{"rendered":"Najcz\u0119\u015bciej Zadawane Pytania"},"content":{"rendered":"\t\t<div data-elementor-type=\"wp-page\" data-elementor-id=\"427\" class=\"elementor elementor-427\" data-elementor-settings=\"[]\">\n\t\t\t\t\t\t\t<div class=\"elementor-section-wrap\">\n\t\t\t\t\t\t\t<section class=\"elementor-section elementor-top-section elementor-element elementor-element-faf94a0 elementor-section-boxed elementor-section-height-default elementor-section-height-default mkdf-parallax-row-no mkdf-content-aligment-left mkdf-row-grid-no\" data-id=\"faf94a0\" data-element_type=\"section\">\n\t\t\t\t\t\t<div class=\"elementor-container elementor-column-gap-default\">\n\t\t\t\t\t<div class=\"elementor-column elementor-col-100 elementor-top-column elementor-element elementor-element-1306d441\" data-id=\"1306d441\" data-element_type=\"column\">\n\t\t\t<div class=\"elementor-widget-wrap elementor-element-populated\">\n\t\t\t\t\t\t\t\t<div class=\"elementor-element elementor-element-40d571f elementor-widget elementor-widget-qi_addons_for_elementor_faq\" data-id=\"40d571f\" data-element_type=\"widget\" data-widget_type=\"qi_addons_for_elementor_faq.default\">\n\t\t\t\t<div class=\"elementor-widget-container\">\n\t\t\t<div class=\"qodef-shortcode qodef-m  qodef-qi-faq qodef-qi-clear  qodef-behavior--none qodef-layout--simple qodef-style--border-between\">\n\t<h4 class=\"qodef-e-title-holder\">\n\t<span class=\"qodef-e-title\">\n\t\t\t\tListy z podr\u00f3\u017cy w prezencie?\t<\/span>\n\t<\/h4>\n<div class=\"qodef-e-content\">\n\t<div class=\"qodef-e-content-inner\">\n\t\t<p>To doskona\u0142y i oryginalny pomys\u0142 na prezent dla tych, kt\u00f3rych kochamy i kt\u00f3rym chcemy sprawi\u0107 wyj\u0105tkow\u0105 niespodziank\u0119. Mo\u017cesz zam\u00f3wi\u0107 prenumerat\u0119 moich list\u00f3w dla kogo tylko chcesz! Jedyne, co musisz zrobi\u0107 to przes\u0142a\u0107 dane kontaktowe osoby, do kt\u00f3rej listy maj\u0105 trafia\u0107.<\/p>\t<\/div>\n<\/div>\n<h4 class=\"qodef-e-title-holder\">\n\t<span class=\"qodef-e-title\">\n\t\t\t\tKiedy wysy\u0142am listy z podr\u00f3\u017cy?\t<\/span>\n\t<\/h4>\n<div class=\"qodef-e-content\">\n\t<div class=\"qodef-e-content-inner\">\n\t\t<p>Wysy\u0142ka wszystkich list\u00f3w nast\u0119puje mi\u0119dzy 20 a 25 ka\u017cdego miesi\u0105ca. Je\u015bli wi\u0119c zaprenumerujesz listy z podr\u00f3\u017cy nie p\u00f3\u017aniej ni\u017c do 10 dnia miesi\u0105ca, otrzymasz list przed ko\u0144cem miesi\u0105ca. Je\u015bli prenumerata nast\u0105pi po 10 dniu miesi\u0105ca, prenumerata rozpocznie si\u0119 w kolejnym miesi\u0105cu.<\/p>\t<\/div>\n<\/div>\n<h4 class=\"qodef-e-title-holder\">\n\t<span class=\"qodef-e-title\">\n\t\t\t\tGdzie wysy\u0142am moje listy?\t<\/span>\n\t<\/h4>\n<div class=\"qodef-e-content\">\n\t<div class=\"qodef-e-content-inner\">\n\t\t<p>Listy wysy\u0142am na terenie ca\u0142ej Polski. Je\u015bli chcia\u0142by\u015b\/chcia\u0142aby\u015b otrzymywa\u0107 moje listy za granic\u0105, <a href=\"https:\/\/listyzpodrozy.pl\/#kontakt\">prosz\u0119 o kontakt<\/a>.<\/p>\t<\/div>\n<\/div>\n<h4 class=\"qodef-e-title-holder\">\n\t<span class=\"qodef-e-title\">\n\t\t\t\tCo, je\u015bli nie otrzymasz ode mnie listu? \t<\/span>\n\t<\/h4>\n<div class=\"qodef-e-content\">\n\t<div class=\"qodef-e-content-inner\">\n\t\t<p>Z regu\u0142y wszystkie moje listy dochodz\u0105 do adresat\u00f3w. Je\u015bli jednak zdarzy si\u0119, \u017ce Tw\u00f3j list zaginie, napisz prosz\u0119 a wy\u015bl\u0119 go do Ciebie powt\u00f3rnie.<\/p>\t<\/div>\n<\/div>\n<h4 class=\"qodef-e-title-holder\">\n\t<span class=\"qodef-e-title\">\n\t\t\t\tDo jakiej grupy wiekowej skierowane s\u0105 moje listy?\t<\/span>\n\t<\/h4>\n<div class=\"qodef-e-content\">\n\t<div class=\"qodef-e-content-inner\">\n\t\t<p>Moje listy mo\u017ce czyta\u0107\u00a0ka\u017cdy. Dzieci jako bajk\u0119 na dobranoc, m\u0142odzie\u017c by poszerza\u0107 wiedz\u0119 o \u015bwiecie i doro\u015bli, kt\u00f3rzy marz\u0105\u00a0o podr\u00f3\u017cach i s\u0105 ciekawi \u015bwiata.<\/p>\t<\/div>\n<\/div>\n<h4 class=\"qodef-e-title-holder\">\n\t<span class=\"qodef-e-title\">\n\t\t\t\tJakich tre\u015bci mo\u017cesz si\u0119 spodziewa\u0107 w moich listach?\t<\/span>\n\t<\/h4>\n<div class=\"qodef-e-content\">\n\t<div class=\"qodef-e-content-inner\">\n\t\t<p>Moje listy opisuj\u0105\u00a0prawdziwe miejsca, zwyczaje oraz emocje, jakie towarzyszy\u0142y mi podczas eksplorowania wszystkich opisywanych przeze mnie miejsc. Pisane s\u0105 w formie relacji z podr\u00f3\u017cy jak\u0105 zdaje przyjaciel.<\/p>\t<\/div>\n<\/div>\n<h4 class=\"qodef-e-title-holder\">\n\t<span class=\"qodef-e-title\">\n\t\t\t\tChcesz wyruszy\u0107 w prawdziw\u0105 podr\u00f3\u017c i potrzebujesz wsparcia w przygotowaniach?\t<\/span>\n\t<\/h4>\n<div class=\"qodef-e-content\">\n\t<div class=\"qodef-e-content-inner\">\n\t\t<p>Od 2008 roku zawodowo projektuj\u0119 wyjazdy \u201eszyte na miar\u0119\u201d i organizuj\u0119 je w najdrobniejszych szczeg\u00f3\u0142ach. Je\u015bli chcesz wybra\u0107 si\u0119 ze mn\u0105\u00a0w prawdziw\u0105 podr\u00f3\u017c zapraszam Ci\u0119 na stron\u0119 <a href=\"https:\/\/www.dreampoland.pl\">www.dreampoland.pl<\/a><\/p>\t<\/div>\n<\/div>\n<\/div>\n\t<script type=\"application\/ld+json\">{\"@context\":\"https:\\\/\\\/schema.org\",\"@type\":\"FAQPage\",\"mainEntity\":[{\"@type\":\"Question\",\"name\":\"Listy z podr\\u00f3\\u017cy w prezencie?\",\"acceptedAnswer\":{\"@type\":\"Answer\",\"text\":\"<p>To doskona\\u0142y i oryginalny pomys\\u0142 na prezent dla tych, kt\\u00f3rych kochamy i kt\\u00f3rym chcemy sprawi\\u0107 wyj\\u0105tkow\\u0105 niespodziank\\u0119. Mo\\u017cesz zam\\u00f3wi\\u0107 prenumerat\\u0119 moich list\\u00f3w dla kogo tylko chcesz! Jedyne, co musisz zrobi\\u0107 to przes\\u0142a\\u0107 dane kontaktowe osoby, do kt\\u00f3rej listy maj\\u0105 trafia\\u0107.<\\\/p>\"}},{\"@type\":\"Question\",\"name\":\"Kiedy wysy\\u0142am listy z podr\\u00f3\\u017cy?\",\"acceptedAnswer\":{\"@type\":\"Answer\",\"text\":\"<p>Wysy\\u0142ka wszystkich list\\u00f3w nast\\u0119puje mi\\u0119dzy 20 a 25 ka\\u017cdego miesi\\u0105ca. Je\\u015bli wi\\u0119c zaprenumerujesz listy z podr\\u00f3\\u017cy nie p\\u00f3\\u017aniej ni\\u017c do 10 dnia miesi\\u0105ca, otrzymasz list przed ko\\u0144cem miesi\\u0105ca. Je\\u015bli prenumerata nast\\u0105pi po 10 dniu miesi\\u0105ca, prenumerata rozpocznie si\\u0119 w kolejnym miesi\\u0105cu.<\\\/p>\"}},{\"@type\":\"Question\",\"name\":\"Gdzie wysy\\u0142am moje listy?\",\"acceptedAnswer\":{\"@type\":\"Answer\",\"text\":\"<p>Listy wysy\\u0142am na terenie ca\\u0142ej Polski. Je\\u015bli chcia\\u0142by\\u015b\\\/chcia\\u0142aby\\u015b otrzymywa\\u0107 moje listy za granic\\u0105, <a href=\\\"https:\\\/\\\/listyzpodrozy.pl\\\/#kontakt\\\">prosz\\u0119 o kontakt<\\\/a>.<\\\/p>\"}},{\"@type\":\"Question\",\"name\":\"Co, je\\u015bli nie otrzymasz ode mnie listu? \",\"acceptedAnswer\":{\"@type\":\"Answer\",\"text\":\"<p>Z regu\\u0142y wszystkie moje listy dochodz\\u0105 do adresat\\u00f3w. Je\\u015bli jednak zdarzy si\\u0119, \\u017ce Tw\\u00f3j list zaginie, napisz prosz\\u0119 a wy\\u015bl\\u0119 go do Ciebie powt\\u00f3rnie.<\\\/p>\"}},{\"@type\":\"Question\",\"name\":\"Do jakiej grupy wiekowej skierowane s\\u0105 moje listy?\",\"acceptedAnswer\":{\"@type\":\"Answer\",\"text\":\"<p>Moje listy mo\\u017ce czyta\\u0107\\u00a0ka\\u017cdy. Dzieci jako bajk\\u0119 na dobranoc, m\\u0142odzie\\u017c by poszerza\\u0107 wiedz\\u0119 o \\u015bwiecie i doro\\u015bli, kt\\u00f3rzy marz\\u0105\\u00a0o podr\\u00f3\\u017cach i s\\u0105 ciekawi \\u015bwiata.<\\\/p>\"}},{\"@type\":\"Question\",\"name\":\"Jakich tre\\u015bci mo\\u017cesz si\\u0119 spodziewa\\u0107 w moich listach?\",\"acceptedAnswer\":{\"@type\":\"Answer\",\"text\":\"<p>Moje listy opisuj\\u0105\\u00a0prawdziwe miejsca, zwyczaje oraz emocje, jakie towarzyszy\\u0142y mi podczas eksplorowania wszystkich opisywanych przeze mnie miejsc. Pisane s\\u0105 w formie relacji z podr\\u00f3\\u017cy jak\\u0105 zdaje przyjaciel.<\\\/p>\"}},{\"@type\":\"Question\",\"name\":\"Chcesz wyruszy\\u0107 w prawdziw\\u0105 podr\\u00f3\\u017c i potrzebujesz wsparcia w przygotowaniach?\",\"acceptedAnswer\":{\"@type\":\"Answer\",\"text\":\"<p>Od 2008 roku zawodowo projektuj\\u0119 wyjazdy \\u201eszyte na miar\\u0119\\u201d i organizuj\\u0119 je w najdrobniejszych szczeg\\u00f3\\u0142ach. Je\\u015bli chcesz wybra\\u0107 si\\u0119 ze mn\\u0105\\u00a0w prawdziw\\u0105 podr\\u00f3\\u017c zapraszam Ci\\u0119 na stron\\u0119 <a href=\\\"https:\\\/\\\/www.dreampoland.pl\\\">www.dreampoland.pl<\\\/a><\\\/p>\"}}]}<\/script>\n\t\t<\/div>\n\t\t\t\t<\/div>\n\t\t\t\t\t<\/div>\n\t\t<\/div>\n\t\t\t\t\t\t\t<\/div>\n\t\t<\/section>\n\t\t\t\t\t\t<\/div>\n\t\t\t\t\t<\/div>\n\t\t","protected":false},"excerpt":{"rendered":"<p>Listy z podr\u00f3\u017cy w prezencie? To doskona\u0142y i oryginalny pomys\u0142 na prezent dla tych, kt\u00f3rych kochamy i kt\u00f3rym chcemy sprawi\u0107 wyj\u0105tkow\u0105 niespodziank\u0119. Mo\u017cesz zam\u00f3wi\u0107 prenumerat\u0119 moich list\u00f3w dla kogo tylko chcesz! Jedyne, co musisz zrobi\u0107 to przes\u0142a\u0107 dane kontaktowe osoby, [&hellip;]<\/p>\n","protected":false},"author":1,"featured_media":0,"parent":0,"menu_order":0,"comment_status":"closed","ping_status":"closed","template":"full-width.php","meta":{"footnotes":""},"class_list":["post-427","page","type-page","status-publish","hentry"],"_links":{"self":[{"href":"https:\/\/listyzpodrozy.pl\/index.php?rest_route=\/wp\/v2\/pages\/427","targetHints":{"allow":["GET"]}}],"collection":[{"href":"https:\/\/listyzpodrozy.pl\/index.php?rest_route=\/wp\/v2\/pages"}],"about":[{"href":"https:\/\/listyzpodrozy.pl\/index.php?rest_route=\/wp\/v2\/types\/page"}],"author":[{"embeddable":true,"href":"https:\/\/listyzpodrozy.pl\/index.php?rest_route=\/wp\/v2\/users\/1"}],"replies":[{"embeddable":true,"href":"https:\/\/listyzpodrozy.pl\/index.php?rest_route=%2Fwp%2Fv2%2Fcomments&post=427"}],"version-history":[{"count":25,"href":"https:\/\/listyzpodrozy.pl\/index.php?rest_route=\/wp\/v2\/pages\/427\/revisions"}],"predecessor-version":[{"id":8650,"href":"https:\/\/listyzpodrozy.pl\/index.php?rest_route=\/wp\/v2\/pages\/427\/revisions\/8650"}],"wp:attachment":[{"href":"https:\/\/listyzpodrozy.pl\/index.php?rest_route=%2Fwp%2Fv2%2Fmedia&parent=427"}],"curies":[{"name":"wp","href":"https:\/\/api.w.org\/{rel}","templated":true}]}}