{"id":702,"date":"2021-12-01T10:10:54","date_gmt":"2021-12-01T09:10:54","guid":{"rendered":"https:\/\/backpacktraveler.qodeinteractive.com\/elementor\/?post_type=product&#038;p=702"},"modified":"2025-11-19T20:49:09","modified_gmt":"2025-11-19T19:49:09","slug":"petra","status":"publish","type":"product","link":"https:\/\/listyzpodrozy.pl\/?product=petra","title":{"rendered":"Petra"},"content":{"rendered":"\t\t<div data-elementor-type=\"wp-post\" data-elementor-id=\"702\" class=\"elementor elementor-702\" data-elementor-settings=\"[]\">\n\t\t\t\t\t\t\t<div class=\"elementor-section-wrap\">\n\t\t\t\t\t\t\t<section class=\"elementor-section elementor-top-section elementor-element elementor-element-48e3c300 elementor-section-boxed elementor-section-height-default elementor-section-height-default mkdf-parallax-row-no mkdf-content-aligment-left mkdf-row-grid-no\" data-id=\"48e3c300\" data-element_type=\"section\">\n\t\t\t\t\t\t<div class=\"elementor-container elementor-column-gap-default\">\n\t\t\t\t\t<div class=\"elementor-column elementor-col-100 elementor-top-column elementor-element elementor-element-31fb3bc3\" data-id=\"31fb3bc3\" data-element_type=\"column\">\n\t\t\t<div class=\"elementor-widget-wrap elementor-element-populated\">\n\t\t\t\t\t\t\t\t<div class=\"elementor-element elementor-element-20e0959b elementor-widget elementor-widget-text-editor\" data-id=\"20e0959b\" data-element_type=\"widget\" data-widget_type=\"text-editor.default\">\n\t\t\t\t<div class=\"elementor-widget-container\">\n\t\t\t\t\t\t\t<p>Eu tollit nonumy oblique pri, qui ne equidem interesset, usu ea quando facilisi senserit. Eu sit aliquid vituperata omittantur. Eos in quis mundi, ne sit possit possim, eu sint viris quo. Facilis sensibus eam ea, elit ocurreret has. Quo ei corpora constituam, discere reprimique. No qui posse deseruisse.\u00a0Cu vel choro iracundia, has cu modus mucius expetenda, oblique singulis eleifend an nec vitae impedit dignissim.<\/p>\t\t\t\t\t\t<\/div>\n\t\t\t\t<\/div>\n\t\t\t\t<div class=\"elementor-element elementor-element-3e863496 elementor-widget elementor-widget-text-editor\" data-id=\"3e863496\" data-element_type=\"widget\" data-widget_type=\"text-editor.default\">\n\t\t\t\t<div class=\"elementor-widget-container\">\n\t\t\t\t\t\t\t<p><strong>What\u2019s inside?<\/strong><br \/>\u2013 Getting Over Your Fears<br \/>\u2013 What About My Career?<br \/>\u2013 What to Do About Naysayers<br \/>\u2013 Building Self-Confidence<\/p>\t\t\t\t\t\t<\/div>\n\t\t\t\t<\/div>\n\t\t\t\t\t<\/div>\n\t\t<\/div>\n\t\t\t\t\t\t\t<\/div>\n\t\t<\/section>\n\t\t\t\t\t\t<\/div>\n\t\t\t\t\t<\/div>\n\t\t","protected":false},"excerpt":{"rendered":"<p>Przegapi\u0142e\u015b kt\u00f3ry\u015b z moich list\u00f3w? Nic straconego! Mo\u017cesz w dowolnej chwili zam\u00f3wi\u0107 wybrane listy a ja wy\u015bl\u0119 je do Ciebie!<\/p>\n","protected":false},"featured_media":8398,"template":"","meta":[],"product_cat":[43],"product_tag":[],"class_list":{"0":"post-702","1":"product","2":"type-product","3":"status-publish","4":"has-post-thumbnail","6":"product_cat-listy-archiwalne","8":"first","9":"instock","10":"shipping-taxable","11":"purchasable","12":"product-type-simple"},"_links":{"self":[{"href":"https:\/\/listyzpodrozy.pl\/index.php?rest_route=\/wp\/v2\/product\/702","targetHints":{"allow":["GET"]}}],"collection":[{"href":"https:\/\/listyzpodrozy.pl\/index.php?rest_route=\/wp\/v2\/product"}],"about":[{"href":"https:\/\/listyzpodrozy.pl\/index.php?rest_route=\/wp\/v2\/types\/product"}],"wp:featuredmedia":[{"embeddable":true,"href":"https:\/\/listyzpodrozy.pl\/index.php?rest_route=\/wp\/v2\/media\/8398"}],"wp:attachment":[{"href":"https:\/\/listyzpodrozy.pl\/index.php?rest_route=%2Fwp%2Fv2%2Fmedia&parent=702"}],"wp:term":[{"taxonomy":"product_cat","embeddable":true,"href":"https:\/\/listyzpodrozy.pl\/index.php?rest_route=%2Fwp%2Fv2%2Fproduct_cat&post=702"},{"taxonomy":"product_tag","embeddable":true,"href":"https:\/\/listyzpodrozy.pl\/index.php?rest_route=%2Fwp%2Fv2%2Fproduct_tag&post=702"}],"curies":[{"name":"wp","href":"https:\/\/api.w.org\/{rel}","templated":true}]}}